{"id":68,"date":"2014-05-28T23:09:29","date_gmt":"2014-05-28T23:09:29","guid":{"rendered":"http:\/\/www.sandragutierrez.org\/?page_id=68"},"modified":"2016-11-01T23:54:31","modified_gmt":"2016-11-02T06:54:31","slug":"home","status":"publish","type":"page","link":"https:\/\/www.sandragutierrez.org\/es\/home\/","title":{"rendered":"Hogar"},"content":{"rendered":"<p style=\"text-align: center;\"><em><strong>Aprenda sobre Ayurveda e incorpore pr\u00e1cticas curativas a su vida diaria con alimentos, h\u00e1bitos de vida y hierbas\u00a0 <a href=\"http:\/\/www.sandragutierrez.org\/es\/services\/consultations\/\">\u00a1AQU\u00cd!<\/a><\/strong><\/em><\/p>","protected":false},"excerpt":{"rendered":"<p>\u00a1Aprenda sobre Ayurveda e incorpore pr\u00e1cticas curativas a su vida diaria con alimentos, pr\u00e1cticas de estilo de vida y hierbas AQU\u00cd!<\/p>","protected":false},"author":1,"featured_media":361,"parent":0,"menu_order":0,"comment_status":"closed","ping_status":"closed","template":"","meta":{"nf_dc_page":"","footnotes":""},"class_list":["post-68","page","type-page","status-publish","has-post-thumbnail","hentry","post-has-thumbnail"],"jetpack_sharing_enabled":true,"_links":{"self":[{"href":"https:\/\/www.sandragutierrez.org\/es\/wp-json\/wp\/v2\/pages\/68","targetHints":{"allow":["GET"]}}],"collection":[{"href":"https:\/\/www.sandragutierrez.org\/es\/wp-json\/wp\/v2\/pages"}],"about":[{"href":"https:\/\/www.sandragutierrez.org\/es\/wp-json\/wp\/v2\/types\/page"}],"author":[{"embeddable":true,"href":"https:\/\/www.sandragutierrez.org\/es\/wp-json\/wp\/v2\/users\/1"}],"replies":[{"embeddable":true,"href":"https:\/\/www.sandragutierrez.org\/es\/wp-json\/wp\/v2\/comments?post=68"}],"version-history":[{"count":37,"href":"https:\/\/www.sandragutierrez.org\/es\/wp-json\/wp\/v2\/pages\/68\/revisions"}],"predecessor-version":[{"id":415,"href":"https:\/\/www.sandragutierrez.org\/es\/wp-json\/wp\/v2\/pages\/68\/revisions\/415"}],"wp:featuredmedia":[{"embeddable":true,"href":"https:\/\/www.sandragutierrez.org\/es\/wp-json\/wp\/v2\/media\/361"}],"wp:attachment":[{"href":"https:\/\/www.sandragutierrez.org\/es\/wp-json\/wp\/v2\/media?parent=68"}],"curies":[{"name":"wp","href":"https:\/\/api.w.org\/{rel}","templated":true}]}}