{"id":60,"date":"2014-05-28T23:03:59","date_gmt":"2014-05-28T23:03:59","guid":{"rendered":"http:\/\/www.sandragutierrez.org\/?page_id=60"},"modified":"2026-03-24T14:57:28","modified_gmt":"2026-03-24T21:57:28","slug":"contact","status":"publish","type":"page","link":"https:\/\/www.sandragutierrez.org\/es\/contact\/","title":{"rendered":"Contacto"},"content":{"rendered":"<p style=\"text-align: center;\">Ahora aceptamos nuevos pacientes<\/p>\n<p style=\"text-align: center;\">Pr\u00e1ctica privada<\/p>\n<p style=\"text-align: center;\">Tel\u00e9fono: (916) 346-5833<\/p>\n<p style=\"text-align: center;\">E: ayurveda@sandragutierrez.org<\/p>\n<p style=\"text-align: center;\">S\u00f3lo con cita previa<\/p>\n<p style=\"text-align: center;\">\n<p style=\"text-align: left;\"><strong>Pol\u00edtica de cancelaci\u00f3n: <\/strong><\/p>\n<p style=\"text-align: left;\">En un esfuerzo por mantener una atenci\u00f3n de calidad y honrar el tiempo tanto del paciente como del m\u00e9dico, se mantienen las siguientes pol\u00edticas:<\/p>\n<p style=\"text-align: left;\"><strong>Se requiere aviso con 24 horas de anticipaci\u00f3n:<\/strong><\/p>\n<p style=\"text-align: left;\">La cancelaci\u00f3n debe notificarse con 24 horas de anticipaci\u00f3n para permitir que la disponibilidad se ofrezca a otro paciente. Si no se notifica con 24 horas de anticipaci\u00f3n, el paciente es responsable de <strong>50%<\/strong> del coste del servicio en el momento de la cancelaci\u00f3n.<strong> Esto tambi\u00e9n se aplica a las citas perdidas.<br \/>\n<\/strong><\/p>","protected":false},"excerpt":{"rendered":"<p>Ahora aceptamos nuevos pacientes Pr\u00e1ctica privada P: (916) 346-5833 E: ayurveda@sandragutierrez.org Solo con cita previa Pol\u00edtica de cancelaci\u00f3n: En un esfuerzo por mantener la calidad de la atenci\u00f3n y respetar el tiempo tanto del paciente como del m\u00e9dico, se mantienen las siguientes pol\u00edticas: Se requiere aviso con 24 horas de anticipaci\u00f3n: Se debe dar aviso de cancelaci\u00f3n con 24 horas de anticipaci\u00f3n para permitir que se ofrezca la disponibilidad a otro paciente. Si no se da un aviso con 24 horas de anticipaci\u00f3n, el paciente es responsable del 50% del costo del servicio\u2026<\/p>","protected":false},"author":1,"featured_media":0,"parent":0,"menu_order":0,"comment_status":"closed","ping_status":"closed","template":"","meta":{"nf_dc_page":"","footnotes":""},"class_list":["post-60","page","type-page","status-publish","hentry"],"jetpack_sharing_enabled":true,"_links":{"self":[{"href":"https:\/\/www.sandragutierrez.org\/es\/wp-json\/wp\/v2\/pages\/60","targetHints":{"allow":["GET"]}}],"collection":[{"href":"https:\/\/www.sandragutierrez.org\/es\/wp-json\/wp\/v2\/pages"}],"about":[{"href":"https:\/\/www.sandragutierrez.org\/es\/wp-json\/wp\/v2\/types\/page"}],"author":[{"embeddable":true,"href":"https:\/\/www.sandragutierrez.org\/es\/wp-json\/wp\/v2\/users\/1"}],"replies":[{"embeddable":true,"href":"https:\/\/www.sandragutierrez.org\/es\/wp-json\/wp\/v2\/comments?post=60"}],"version-history":[{"count":29,"href":"https:\/\/www.sandragutierrez.org\/es\/wp-json\/wp\/v2\/pages\/60\/revisions"}],"predecessor-version":[{"id":542,"href":"https:\/\/www.sandragutierrez.org\/es\/wp-json\/wp\/v2\/pages\/60\/revisions\/542"}],"wp:attachment":[{"href":"https:\/\/www.sandragutierrez.org\/es\/wp-json\/wp\/v2\/media?parent=60"}],"curies":[{"name":"wp","href":"https:\/\/api.w.org\/{rel}","templated":true}]}}