{"id":485,"date":"2019-05-06T21:10:43","date_gmt":"2019-05-07T04:10:43","guid":{"rendered":"http:\/\/www.sandragutierrez.org\/?page_id=485"},"modified":"2026-03-24T14:49:20","modified_gmt":"2026-03-24T21:49:20","slug":"professional-support","status":"publish","type":"page","link":"https:\/\/www.sandragutierrez.org\/es\/offerings\/professional-support\/","title":{"rendered":"Soporte profesional"},"content":{"rendered":"<p class=\"has-text-align-left\">Support Consultations With Graduate Clinical Ayurvedic Specialists &amp; Medical Ayurvedic Specialists May Include:<\/p>\n\n\n\n<ul class=\"wp-block-list\">\n<li class=\"\">Revisi\u00f3n y comentario del motivo principal de consulta del paciente y plan de tratamiento asociado<\/li>\n\n\n\n<li class=\"\">Revisi\u00f3n, comentarios y colaboraci\u00f3n sobre f\u00f3rmulas a base de hierbas para el tratamiento<\/li>\n\n\n\n<li class=\"\">Educaci\u00f3n y tutor\u00eda en profundidad sobre temas espec\u00edficos: es decir, formulaci\u00f3n a base de hierbas, gesti\u00f3n de casos cl\u00ednicos, revisi\u00f3n de enfermedades, nutrici\u00f3n, patolog\u00eda, etc.<\/li>\n<\/ul>\n\n\n\n<p class=\"has-text-align-center\"><em><strong>Sesiones facturadas en incrementos de 30 minutos<\/strong><\/em><strong><em>s<\/em><\/strong><\/p>","protected":false},"excerpt":{"rendered":"<p>Support Consultations With Graduate Clinical Ayurvedic Specialists &amp; Medical Ayurvedic Specialists May Include: Sessions Billed In 30 Minute Increments<\/p>","protected":false},"author":1,"featured_media":0,"parent":26,"menu_order":0,"comment_status":"closed","ping_status":"closed","template":"","meta":{"nf_dc_page":"","footnotes":""},"class_list":["post-485","page","type-page","status-publish","hentry"],"jetpack_sharing_enabled":true,"_links":{"self":[{"href":"https:\/\/www.sandragutierrez.org\/es\/wp-json\/wp\/v2\/pages\/485","targetHints":{"allow":["GET"]}}],"collection":[{"href":"https:\/\/www.sandragutierrez.org\/es\/wp-json\/wp\/v2\/pages"}],"about":[{"href":"https:\/\/www.sandragutierrez.org\/es\/wp-json\/wp\/v2\/types\/page"}],"author":[{"embeddable":true,"href":"https:\/\/www.sandragutierrez.org\/es\/wp-json\/wp\/v2\/users\/1"}],"replies":[{"embeddable":true,"href":"https:\/\/www.sandragutierrez.org\/es\/wp-json\/wp\/v2\/comments?post=485"}],"version-history":[{"count":21,"href":"https:\/\/www.sandragutierrez.org\/es\/wp-json\/wp\/v2\/pages\/485\/revisions"}],"predecessor-version":[{"id":705,"href":"https:\/\/www.sandragutierrez.org\/es\/wp-json\/wp\/v2\/pages\/485\/revisions\/705"}],"up":[{"embeddable":true,"href":"https:\/\/www.sandragutierrez.org\/es\/wp-json\/wp\/v2\/pages\/26"}],"wp:attachment":[{"href":"https:\/\/www.sandragutierrez.org\/es\/wp-json\/wp\/v2\/media?parent=485"}],"curies":[{"name":"wp","href":"https:\/\/api.w.org\/{rel}","templated":true}]}}