{"id":46,"date":"2014-05-24T06:27:07","date_gmt":"2014-05-24T06:27:07","guid":{"rendered":"http:\/\/www.sandragutierrez.org\/?page_id=46"},"modified":"2026-03-24T14:33:55","modified_gmt":"2026-03-24T21:33:55","slug":"about-2","status":"publish","type":"page","link":"https:\/\/www.sandragutierrez.org\/es\/","title":{"rendered":"Acerca de"},"content":{"rendered":"<p style=\"text-align: right;\"><a href=\"https:\/\/i0.wp.com\/www.sandragutierrez.org\/wp-content\/uploads\/2014\/05\/IMG_1806Sandra_hirez.jpg\"><img data-recalc-dims=\"1\" loading=\"lazy\" decoding=\"async\" class=\"wp-image-324 aligncenter\" src=\"https:\/\/i0.wp.com\/www.sandragutierrez.org\/wp-content\/uploads\/2014\/05\/IMG_1806Sandra_hirez-200x300.jpg?resize=161%2C242\" alt=\"IMG_1806Sandra_hirez\" width=\"161\" height=\"242\" srcset=\"https:\/\/i0.wp.com\/www.sandragutierrez.org\/wp-content\/uploads\/2014\/05\/IMG_1806Sandra_hirez.jpg?resize=200%2C300&amp;ssl=1 200w, https:\/\/i0.wp.com\/www.sandragutierrez.org\/wp-content\/uploads\/2014\/05\/IMG_1806Sandra_hirez.jpg?resize=682%2C1024&amp;ssl=1 682w, https:\/\/i0.wp.com\/www.sandragutierrez.org\/wp-content\/uploads\/2014\/05\/IMG_1806Sandra_hirez.jpg?w=1728&amp;ssl=1 1728w, https:\/\/i0.wp.com\/www.sandragutierrez.org\/wp-content\/uploads\/2014\/05\/IMG_1806Sandra_hirez.jpg?w=1280&amp;ssl=1 1280w\" sizes=\"auto, (max-width: 161px) 100vw, 161px\" \/><\/a><\/p>\n<p style=\"text-align: center;\">Sandra Guti\u00e9rrez, MAS<\/p>\n<p style=\"text-align: center;\">Medical Ayurvedic Specialist<\/p>\n<p style=\"text-align: center;\">&amp;<\/p>\n<p style=\"text-align: center;\">Facultad de Medicina Ayurv\u00e9dica<\/p>\n<p style=\"text-align: center;\"><em>El h\u00e9roe, al vivir su propia vida, al ser fiel a s\u00ed mismo, irradia una luz a trav\u00e9s de la cual otros pueden ver su propio camino. \u2013 Laurence G. Boldt<\/em><\/p>\n<p>Sandra Guti\u00e9rrez is a Medical Ayurvedic Specialist and Faculty of the California College of Ayurveda in Nevada City, California where she teaches Ayurvedic Medicine &#8211; Nutrition, Herbalism, Chronic Diseases of the Endocrine, Immune and Musculoskeletal Systems, Cardiology, Diseases &amp; Treatment of the Ears, Eyes, Nose and Throat and Co-leads the Medical Ayurvedic Specialist Internship. As Co-lead of the Medical Ayurvedic Specialist Internship, Ms. Guti\u00e9rrez is involved in program development, intern supervision, program teaching and intern patient case management. In her private practice, Ms. Guti\u00e9rrez sees patients online and in-person.<\/p>\n<p>Ms. Guti\u00e9rrez completed her Ayurvedic studies at the California College of Ayurveda and received a Bachelor of Science in Psychology at the University of California at Davis. As an Ayurvedic Practitioner she utilizes ancient traditional healing methods and education to address the root cause of imbalances in the physical, emotional and spiritual bodies. Ms. Guti\u00e9rrez&#8217;s approach is gentle and offers wisdom, compassion and enthusiasm. Her intention is to empower her patients and students to draw out and promote innate health by aligning with the rhythms of nature. Ms. Guti\u00e9rrez&#8217;s specialties include auto-immune conditions, digestive disturbances, emotional imbalances and stress-reduction. Her personal interests include backpacking, dancing, cooking healthy homemade meals and making her own floral sun oils as a hobby.<\/p>\n<p><em>\u00a0<\/em><\/p>\n<p style=\"text-align: left;\"><strong>T\u00edtulos y certificaciones<\/strong>:<\/p>\n<p>Master&#8217;s in Counseling Psychology &#8211; In Progress<\/p>\n<p>Medical Ayurvedic Specialist<\/p>\n<p style=\"text-align: left;\">Especialista cl\u00ednico ayurv\u00e9dico<\/p>\n<p>Liderazgo femenino encarnado<\/p>\n<p>Practicante de salud ayurv\u00e9dica<\/p>\n<p>Masaje ayurv\u00e9dico y terapia corporal<\/p>\n<p>Terapia Marma<\/p>\n<p>Teor\u00eda cl\u00ednica ayurv\u00e9dica<\/p>\n<p>Educaci\u00f3n sanitaria ayurv\u00e9dica<\/p>\n<p>Profesora de yoga certificada de 500 horas<\/p>\n<p>Neurofisiolog\u00eda y conducta post-bachillerato<\/p>\n<p>Bachelor&#8217;s of Science in Psychology<\/p>\n<p>Colegio de Ayurveda de California, <a href=\"https:\/\/www.ayurvedacollege.com\/about\/our-faculty\/\">P\u00e1gina de la facultad<\/a><\/p>\n<p><strong> Entrevista:<\/strong>\u00a0 El Colegio de Ayurveda de California (mayo de 2014): <a href=\"http:\/\/www.ayurvedacollege.com\/blog\/ayurvedic-practitioner-sacramento-california-sandra-gutierrez\" target=\"_blank\" rel=\"noopener noreferrer\">Leer m\u00e1s<\/a><\/p>","protected":false},"excerpt":{"rendered":"<p>Sandra Guti\u00e9rrez, MAS Medical Ayurvedic Specialist &amp; Faculty of Ayurvedic Medicine The hero, in living her own life, in being true to herself &#8211; radiates a light by which others may see their own way. &#8211; Laurence G. Boldt Sandra Guti\u00e9rrez is a Medical Ayurvedic Specialist and Faculty of the California College of Ayurveda in Nevada City, California where she teaches Ayurvedic Medicine &#8211; Nutrition, Herbalism, Chronic Diseases of the Endocrine, Immune and Musculoskeletal Systems, Cardiology, Diseases &amp; Treatment of&hellip;<\/p>","protected":false},"author":1,"featured_media":0,"parent":0,"menu_order":0,"comment_status":"closed","ping_status":"closed","template":"","meta":{"nf_dc_page":"","footnotes":""},"class_list":["post-46","page","type-page","status-publish","hentry"],"jetpack_sharing_enabled":true,"_links":{"self":[{"href":"https:\/\/www.sandragutierrez.org\/es\/wp-json\/wp\/v2\/pages\/46","targetHints":{"allow":["GET"]}}],"collection":[{"href":"https:\/\/www.sandragutierrez.org\/es\/wp-json\/wp\/v2\/pages"}],"about":[{"href":"https:\/\/www.sandragutierrez.org\/es\/wp-json\/wp\/v2\/types\/page"}],"author":[{"embeddable":true,"href":"https:\/\/www.sandragutierrez.org\/es\/wp-json\/wp\/v2\/users\/1"}],"replies":[{"embeddable":true,"href":"https:\/\/www.sandragutierrez.org\/es\/wp-json\/wp\/v2\/comments?post=46"}],"version-history":[{"count":6,"href":"https:\/\/www.sandragutierrez.org\/es\/wp-json\/wp\/v2\/pages\/46\/revisions"}],"predecessor-version":[{"id":700,"href":"https:\/\/www.sandragutierrez.org\/es\/wp-json\/wp\/v2\/pages\/46\/revisions\/700"}],"wp:attachment":[{"href":"https:\/\/www.sandragutierrez.org\/es\/wp-json\/wp\/v2\/media?parent=46"}],"curies":[{"name":"wp","href":"https:\/\/api.w.org\/{rel}","templated":true}]}}