{"id":19,"date":"2014-05-24T05:22:17","date_gmt":"2014-05-24T05:22:17","guid":{"rendered":"http:\/\/www.sandragutierrez.org\/?page_id=19"},"modified":"2016-11-01T23:41:17","modified_gmt":"2016-11-02T06:41:17","slug":"ayurveda","status":"publish","type":"page","link":"https:\/\/www.sandragutierrez.org\/es\/ayurveda\/","title":{"rendered":"Ayurveda"},"content":{"rendered":"<p style=\"text-align: center;\">La palabra s\u00e1nscrita <strong>Ayurveda<\/strong>\u00a0 se traduce como el <strong>Sabidur\u00eda de la vida<\/strong>.<\/p>\n<p style=\"text-align: center;\"><em>Ayur: Vida<\/em><\/p>\n<p style=\"text-align: center;\"><em>Veda: Sabidur\u00eda y conocimiento<\/em><\/p>\n<p style=\"text-align: center;\">Ayurveda es un sistema de curaci\u00f3n natural tradicional de 5000 a\u00f1os de antig\u00fcedad que tiene su origen en la India. El sistema ofrece herramientas pr\u00e1cticas para vivir una vida saludable y tranquila, llevando el cuerpo y la mente a un estado de equilibrio en el que experimentamos la sensaci\u00f3n de estar en casa y en paz con nuestro cuerpo f\u00edsico.<\/p>\n<p style=\"text-align: center;\">Las pr\u00e1cticas de Ayurveda devuelven el cuerpo a un estado de salud al abordar la causa ra\u00edz de los desequilibrios en los cuerpos f\u00edsico, mental, emocional y espiritual.<\/p>\n<p style=\"text-align: center;\">Una relaci\u00f3n establecida con un m\u00e9dico ayurv\u00e9dico es fundamental para recibir apoyo en el camino hacia una salud \u00f3ptima. El m\u00e9dico asume el papel de maestro, sanador y gu\u00eda. Juntos, m\u00e9dico y paciente facilitar\u00e1n la implementaci\u00f3n exitosa y sostenida del Ayurveda en la vida diaria.<\/p>","protected":false},"excerpt":{"rendered":"<p>La palabra s\u00e1nscrita Ayurveda se traduce como la sabidur\u00eda de la vida. Ayur: Vida Veda: Sabidur\u00eda y conocimiento Ayurveda es un sistema de curaci\u00f3n natural tradicional de 5000 a\u00f1os de antig\u00fcedad con or\u00edgenes en la India. El sistema ofrece herramientas pr\u00e1cticas para vivir una vida de salud y tranquilidad al llevar el cuerpo y la mente a un estado de equilibrio donde experimentamos la sensaci\u00f3n de estar en casa y en paz en nuestros cuerpos f\u00edsicos. Las pr\u00e1cticas de Ayurveda devuelven el cuerpo a un estado\u2026<\/p>","protected":false},"author":1,"featured_media":0,"parent":0,"menu_order":0,"comment_status":"closed","ping_status":"closed","template":"","meta":{"nf_dc_page":"","footnotes":""},"class_list":["post-19","page","type-page","status-publish","hentry"],"jetpack_sharing_enabled":true,"_links":{"self":[{"href":"https:\/\/www.sandragutierrez.org\/es\/wp-json\/wp\/v2\/pages\/19","targetHints":{"allow":["GET"]}}],"collection":[{"href":"https:\/\/www.sandragutierrez.org\/es\/wp-json\/wp\/v2\/pages"}],"about":[{"href":"https:\/\/www.sandragutierrez.org\/es\/wp-json\/wp\/v2\/types\/page"}],"author":[{"embeddable":true,"href":"https:\/\/www.sandragutierrez.org\/es\/wp-json\/wp\/v2\/users\/1"}],"replies":[{"embeddable":true,"href":"https:\/\/www.sandragutierrez.org\/es\/wp-json\/wp\/v2\/comments?post=19"}],"version-history":[{"count":9,"href":"https:\/\/www.sandragutierrez.org\/es\/wp-json\/wp\/v2\/pages\/19\/revisions"}],"predecessor-version":[{"id":165,"href":"https:\/\/www.sandragutierrez.org\/es\/wp-json\/wp\/v2\/pages\/19\/revisions\/165"}],"wp:attachment":[{"href":"https:\/\/www.sandragutierrez.org\/es\/wp-json\/wp\/v2\/media?parent=19"}],"curies":[{"name":"wp","href":"https:\/\/api.w.org\/{rel}","templated":true}]}}