{"id":115,"date":"2014-06-02T00:12:17","date_gmt":"2014-06-02T07:12:17","guid":{"rendered":"http:\/\/www.sandragutierrez.org\/?page_id=115"},"modified":"2026-03-18T22:56:15","modified_gmt":"2026-03-19T05:56:15","slug":"rates","status":"publish","type":"page","link":"https:\/\/www.sandragutierrez.org\/es\/rates\/","title":{"rendered":"Tarifas"},"content":{"rendered":"<div id=\"menu\" style=\"width: 300px; float: left;\">\n<p style=\"text-align: center;\"><strong>Ofertas individuales<br \/><\/strong><\/p>\n<p style=\"text-align: left;\">Initial Consultation\u00a0 \u00a0 \u00a0 \u00a0 \u00a0 $275\/*285<\/p>\n<p style=\"text-align: left;\">Follow-Up Consultation\u00a0 \u00a0 \u00a0 \u00a0$160\/*165<\/p>\n<\/div>\n<p style=\"text-align: center;\"><strong>Soporte profesional<\/strong><\/p>\n<div>\n<p style=\"text-align: center;\">Consulta con un practicante $60\/hr<\/p>\n<p>&nbsp;<\/p>\n<p style=\"text-align: center;\">*International patients\u00a0<\/p>\n<p>***Para honrar a los estudiantes de tiempo completo menores de 25 a\u00f1os de edad, ofrecemos un descuento 20% en consultas y paquetes de consultas. Se requiere comprobante de inscripci\u00f3n y matr\u00edcula***<\/p>\n<\/div>\n\n<div class=\"wp-block-image\">\n<figure class=\"aligncenter size-full is-resized\"><a href=\"https:\/\/cash.app\/\" target=\"_blank\" rel=\"noreferrer noopener\"><img data-recalc-dims=\"1\" loading=\"lazy\" decoding=\"async\" width=\"178\" height=\"100\" src=\"https:\/\/i0.wp.com\/www.sandragutierrez.org\/wp-content\/uploads\/2024\/11\/Cash-app-logo-2.jpg?resize=178%2C100&#038;ssl=1\" alt=\"\" class=\"wp-image-645\" style=\"width:100px;height:auto\"\/><\/a><\/figure>\n<\/div>\n\n\n<p class=\"\"><\/p>\n\n\n<div class=\"wp-block-image\">\n<figure class=\"aligncenter size-full is-resized\"><a href=\"https:\/\/square.link\/u\/HgYkh0TB\" target=\"_blank\" rel=\"noreferrer noopener\"><img data-recalc-dims=\"1\" loading=\"lazy\" decoding=\"async\" width=\"100\" height=\"100\" src=\"https:\/\/i0.wp.com\/www.sandragutierrez.org\/wp-content\/uploads\/2024\/11\/Square-logo-small-icon-4.jpg?resize=100%2C100&#038;ssl=1\" alt=\"\" class=\"wp-image-644\" style=\"width:94px;height:auto\"\/><\/a><\/figure>\n<\/div>\n\n\n<p class=\"\"><\/p>","protected":false},"excerpt":{"rendered":"<p>Individual Offerings Initial Consultation\u00a0 \u00a0 \u00a0 \u00a0 \u00a0 $275\/*285 Follow-Up Consultation\u00a0 \u00a0 \u00a0 \u00a0$160\/*165 Professional Support Practitioner Consultation\u00a0 \u00a0 $60\/hr &nbsp; *International patients\u00a0 ***Honoring Full-Time Students Under 25 Years of Age a 20% Discount on Consultations &amp; Consultation Packages &#8211; Proof of Enrollment &amp; Tuition Required***<\/p>","protected":false},"author":1,"featured_media":0,"parent":0,"menu_order":0,"comment_status":"closed","ping_status":"closed","template":"","meta":{"nf_dc_page":"","footnotes":""},"class_list":["post-115","page","type-page","status-publish","hentry"],"jetpack_sharing_enabled":true,"_links":{"self":[{"href":"https:\/\/www.sandragutierrez.org\/es\/wp-json\/wp\/v2\/pages\/115","targetHints":{"allow":["GET"]}}],"collection":[{"href":"https:\/\/www.sandragutierrez.org\/es\/wp-json\/wp\/v2\/pages"}],"about":[{"href":"https:\/\/www.sandragutierrez.org\/es\/wp-json\/wp\/v2\/types\/page"}],"author":[{"embeddable":true,"href":"https:\/\/www.sandragutierrez.org\/es\/wp-json\/wp\/v2\/users\/1"}],"replies":[{"embeddable":true,"href":"https:\/\/www.sandragutierrez.org\/es\/wp-json\/wp\/v2\/comments?post=115"}],"version-history":[{"count":11,"href":"https:\/\/www.sandragutierrez.org\/es\/wp-json\/wp\/v2\/pages\/115\/revisions"}],"predecessor-version":[{"id":699,"href":"https:\/\/www.sandragutierrez.org\/es\/wp-json\/wp\/v2\/pages\/115\/revisions\/699"}],"wp:attachment":[{"href":"https:\/\/www.sandragutierrez.org\/es\/wp-json\/wp\/v2\/media?parent=115"}],"curies":[{"name":"wp","href":"https:\/\/api.w.org\/{rel}","templated":true}]}}