{"id":113,"date":"2014-06-02T00:11:35","date_gmt":"2014-06-02T07:11:35","guid":{"rendered":"http:\/\/www.sandragutierrez.org\/?page_id=113"},"modified":"2022-01-21T15:56:57","modified_gmt":"2022-01-21T23:56:57","slug":"consultations","status":"publish","type":"page","link":"https:\/\/www.sandragutierrez.org\/es\/offerings\/consultations\/","title":{"rendered":"Consultas de salud"},"content":{"rendered":"<p style=\"text-align: center;\"><strong><em>Consulta inicial: Sesi\u00f3n de 2 horas<\/em><\/strong><\/p>\n<p style=\"text-align: left;\">Una evaluaci\u00f3n cl\u00ednica ayurv\u00e9dica de la queja principal y los s\u00edntomas asociados junto con una revisi\u00f3n en profundidad de la dieta, las rutinas diarias, el historial de problemas de salud y los diagn\u00f3sticos f\u00edsicos. La informaci\u00f3n recopilada se utiliza para comprender la causa ra\u00edz de la enfermedad y\/o la falta de armon\u00eda en el cuerpo y la mente, determinar la constituci\u00f3n \u00fanica de cada persona y crear un plan de tratamiento personalizado para abordar tanto la causa de la enfermedad como la queja principal con el uso de hierbas, alimentos y estilo de vida como medicina.<\/p>\n<p style=\"text-align: center;\"><strong><em>Informe de resultados: sesi\u00f3n de 1 hora<\/em><\/strong><\/p>\n<p style=\"text-align: left;\">En base a la informaci\u00f3n obtenida en la consulta inicial, se presenta una interpretaci\u00f3n ayurv\u00e9dica de los hallazgos, que incluye la constituci\u00f3n del paciente y la causa del desequilibrio actual. Se brindan recomendaciones de tratamiento personalizadas que abordan la queja principal y los s\u00edntomas adicionales para promover una salud y un bienestar \u00f3ptimos. Se pueden recomendar f\u00f3rmulas a base de hierbas y terapias corporales para apoyar la mente, el sistema digestivo y\/o las afecciones existentes.<\/p>\n<p style=\"text-align: center;\"><strong><em>Consultas de seguimiento: Sesi\u00f3n de 45 minutos<\/em><\/strong><\/p>\n<p style=\"text-align: left;\">Apoyo continuo para mantener el bienestar: cada sesi\u00f3n ofrecer\u00e1 una revisi\u00f3n de los s\u00edntomas y una evaluaci\u00f3n del progreso, educaci\u00f3n, apoyo e implementaci\u00f3n continua del plan de tratamiento creado conjuntamente por el paciente y el m\u00e9dico. Estos incluyen recomendaciones diet\u00e9ticas y de estilo de vida, f\u00f3rmulas a base de hierbas, aceites, aromaterapia, terapia de sonido y m\u00e1s.<\/p>","protected":false},"excerpt":{"rendered":"<p>Consulta inicial: sesi\u00f3n de 2 horas Evaluaci\u00f3n cl\u00ednica ayurv\u00e9dica del problema principal y los s\u00edntomas asociados junto con una revisi\u00f3n en profundidad de la dieta, las rutinas diarias, el historial de problemas de salud y los diagn\u00f3sticos f\u00edsicos. La informaci\u00f3n recopilada se utiliza para comprender la causa ra\u00edz de la enfermedad o la falta de armon\u00eda en el cuerpo y la mente, determinar la constituci\u00f3n \u00fanica de cada persona y crear un plan de tratamiento personalizado para abordar tanto la causa de la enfermedad como el problema principal con el uso de hierbas, alimentos y estilo de vida\u2026<\/p>","protected":false},"author":1,"featured_media":0,"parent":26,"menu_order":0,"comment_status":"closed","ping_status":"closed","template":"","meta":{"nf_dc_page":"","footnotes":""},"class_list":["post-113","page","type-page","status-publish","hentry"],"jetpack_sharing_enabled":true,"_links":{"self":[{"href":"https:\/\/www.sandragutierrez.org\/es\/wp-json\/wp\/v2\/pages\/113","targetHints":{"allow":["GET"]}}],"collection":[{"href":"https:\/\/www.sandragutierrez.org\/es\/wp-json\/wp\/v2\/pages"}],"about":[{"href":"https:\/\/www.sandragutierrez.org\/es\/wp-json\/wp\/v2\/types\/page"}],"author":[{"embeddable":true,"href":"https:\/\/www.sandragutierrez.org\/es\/wp-json\/wp\/v2\/users\/1"}],"replies":[{"embeddable":true,"href":"https:\/\/www.sandragutierrez.org\/es\/wp-json\/wp\/v2\/comments?post=113"}],"version-history":[{"count":20,"href":"https:\/\/www.sandragutierrez.org\/es\/wp-json\/wp\/v2\/pages\/113\/revisions"}],"predecessor-version":[{"id":600,"href":"https:\/\/www.sandragutierrez.org\/es\/wp-json\/wp\/v2\/pages\/113\/revisions\/600"}],"up":[{"embeddable":true,"href":"https:\/\/www.sandragutierrez.org\/es\/wp-json\/wp\/v2\/pages\/26"}],"wp:attachment":[{"href":"https:\/\/www.sandragutierrez.org\/es\/wp-json\/wp\/v2\/media?parent=113"}],"curies":[{"name":"wp","href":"https:\/\/api.w.org\/{rel}","templated":true}]}}